{"id":21,"date":"2017-02-25T22:37:27","date_gmt":"2017-02-25T21:37:27","guid":{"rendered":"http:\/\/www.fotografie-moerke.de\/cmstest\/?page_id=21"},"modified":"2018-03-29T18:04:08","modified_gmt":"2018-03-29T16:04:08","slug":"kontakt","status":"publish","type":"page","link":"https:\/\/www.fotografie-moerke.de\/site\/kontakt\/","title":{"rendered":"Kontakt"},"content":{"rendered":"\t\t<div data-elementor-type=\"wp-post\" data-elementor-id=\"21\" class=\"elementor elementor-21 elementor-bc-flex-widget\" data-elementor-post-type=\"page\">\n\t\t\t\t\t\t<section class=\"elementor-section elementor-top-section elementor-element elementor-element-9121e75 elementor-section-boxed elementor-section-height-default elementor-section-height-default\" data-id=\"9121e75\" data-element_type=\"section\">\n\t\t\t\t\t\t<div class=\"elementor-container elementor-column-gap-default\">\n\t\t\t\t\t<div class=\"elementor-column elementor-col-50 elementor-top-column elementor-element elementor-element-770305d\" data-id=\"770305d\" data-element_type=\"column\">\n\t\t\t<div class=\"elementor-widget-wrap elementor-element-populated\">\n\t\t\t\t\t\t<div class=\"elementor-element elementor-element-9c3ce77 elementor-widget elementor-widget-google_maps\" data-id=\"9c3ce77\" data-element_type=\"widget\" data-widget_type=\"google_maps.default\">\n\t\t\t\t<div class=\"elementor-widget-container\">\n\t\t\t\t\t<div class=\"elementor-custom-embed\">\n\t\t\t<iframe loading=\"lazy\"\n\t\t\t\t\tsrc=\"https:\/\/maps.google.com\/maps?q=Bahnhofstra%C3%9Fe%2028%2033790%20Halle&#038;t=m&#038;z=11&#038;output=embed&#038;iwloc=near\"\n\t\t\t\t\ttitle=\"Bahnhofstra\u00dfe 28 33790 Halle\"\n\t\t\t\t\taria-label=\"Bahnhofstra\u00dfe 28 33790 Halle\"\n\t\t\t><\/iframe>\n\t\t<\/div>\n\t\t\t\t<\/div>\n\t\t\t\t<\/div>\n\t\t\t\t\t<\/div>\n\t\t<\/div>\n\t\t\t\t<div class=\"elementor-column elementor-col-50 elementor-top-column elementor-element elementor-element-9265fe1\" data-id=\"9265fe1\" data-element_type=\"column\">\n\t\t\t<div class=\"elementor-widget-wrap elementor-element-populated\">\n\t\t\t\t\t\t<div class=\"elementor-element elementor-element-e3d80ac elementor-widget elementor-widget-text-editor\" data-id=\"e3d80ac\" data-element_type=\"widget\" data-widget_type=\"text-editor.default\">\n\t\t\t\t<div class=\"elementor-widget-container\">\n\t\t\t\t\t\t\t<p>Fotografie M\u00f6rke<\/p><p>Bahnhofstra\u00dfe 28<\/p><p>33790 Halle Westf.<\/p><p>\u00a0<\/p><p>Tel 05201 &#8211; 35 24<\/p><p>team@fotografie-moerke.de<\/p>\t\t\t\t\t\t<\/div>\n\t\t\t\t<\/div>\n\t\t\t\t<div class=\"elementor-element elementor-element-bc68b44 elementor-shape-rounded elementor-grid-0 e-grid-align-center elementor-widget elementor-widget-social-icons\" data-id=\"bc68b44\" data-element_type=\"widget\" data-widget_type=\"social-icons.default\">\n\t\t\t\t<div class=\"elementor-widget-container\">\n\t\t\t\t\t<div class=\"elementor-social-icons-wrapper elementor-grid\">\n\t\t\t\t\t\t\t<span class=\"elementor-grid-item\">\n\t\t\t\t\t<a class=\"elementor-icon elementor-social-icon elementor-social-icon-facebook elementor-repeater-item-f76fae0\" href=\"https:\/\/de-de.facebook.com\/fotografiemoerke\/\" target=\"_blank\">\n\t\t\t\t\t\t<span class=\"elementor-screen-only\">Facebook<\/span>\n\t\t\t\t\t\t\t\t\t\t\t\t\t<i class=\"fa fa-facebook\"><\/i>\n\t\t\t\t\t\t\t\t\t\t\t<\/a>\n\t\t\t\t<\/span>\n\t\t\t\t\t<\/div>\n\t\t\t\t<\/div>\n\t\t\t\t<\/div>\n\t\t\t\t\t<\/div>\n\t\t<\/div>\n\t\t\t\t\t<\/div>\n\t\t<\/section>\n\t\t\t\t<\/div>\n\t\t","protected":false},"excerpt":{"rendered":"<p>Fotografie M\u00f6rke Bahnhofstra\u00dfe 28 33790 Halle Westf. Tel 05201 &#8211; 35 24 team@fotografie-moerke.de Facebook<\/p>\n","protected":false},"author":3,"featured_media":0,"parent":0,"menu_order":30,"comment_status":"closed","ping_status":"closed","template":"","meta":{"footnotes":""},"class_list":["post-21","page","type-page","status-publish","hentry"],"yoast_head":"<!-- This site is optimized with the Yoast SEO plugin v25.6 - https:\/\/yoast.com\/wordpress\/plugins\/seo\/ -->\n<title>Kontakt - Fotografie M\u00f6rke<\/title>\n<meta name=\"robots\" content=\"index, follow, max-snippet:-1, max-image-preview:large, max-video-preview:-1\" \/>\n<link rel=\"canonical\" href=\"https:\/\/www.fotografie-moerke.de\/site\/kontakt\/\" \/>\n<meta property=\"og:locale\" content=\"de_DE\" \/>\n<meta property=\"og:type\" content=\"article\" \/>\n<meta property=\"og:title\" content=\"Kontakt - Fotografie M\u00f6rke\" \/>\n<meta property=\"og:description\" content=\"Fotografie M\u00f6rke Bahnhofstra\u00dfe 28 33790 Halle Westf. Tel 05201 &#8211; 35 24 team@fotografie-moerke.de Facebook\" \/>\n<meta property=\"og:url\" content=\"https:\/\/www.fotografie-moerke.de\/site\/kontakt\/\" \/>\n<meta property=\"og:site_name\" content=\"Fotografie M\u00f6rke\" \/>\n<meta property=\"article:publisher\" content=\"https:\/\/www.facebook.com\/fotografiemoerke\" \/>\n<meta property=\"article:modified_time\" content=\"2018-03-29T16:04:08+00:00\" \/>\n<meta name=\"twitter:card\" content=\"summary_large_image\" \/>\n<script type=\"application\/ld+json\" class=\"yoast-schema-graph\">{\"@context\":\"https:\/\/schema.org\",\"@graph\":[{\"@type\":\"WebPage\",\"@id\":\"https:\/\/www.fotografie-moerke.de\/site\/kontakt\/\",\"url\":\"https:\/\/www.fotografie-moerke.de\/site\/kontakt\/\",\"name\":\"Kontakt - Fotografie M\u00f6rke\",\"isPartOf\":{\"@id\":\"https:\/\/www.fotografie-moerke.de\/site\/#website\"},\"datePublished\":\"2017-02-25T21:37:27+00:00\",\"dateModified\":\"2018-03-29T16:04:08+00:00\",\"breadcrumb\":{\"@id\":\"https:\/\/www.fotografie-moerke.de\/site\/kontakt\/#breadcrumb\"},\"inLanguage\":\"de\",\"potentialAction\":[{\"@type\":\"ReadAction\",\"target\":[\"https:\/\/www.fotografie-moerke.de\/site\/kontakt\/\"]}]},{\"@type\":\"BreadcrumbList\",\"@id\":\"https:\/\/www.fotografie-moerke.de\/site\/kontakt\/#breadcrumb\",\"itemListElement\":[{\"@type\":\"ListItem\",\"position\":1,\"name\":\"Startseite\",\"item\":\"https:\/\/www.fotografie-moerke.de\/site\/\"},{\"@type\":\"ListItem\",\"position\":2,\"name\":\"Kontakt\"}]},{\"@type\":\"WebSite\",\"@id\":\"https:\/\/www.fotografie-moerke.de\/site\/#website\",\"url\":\"https:\/\/www.fotografie-moerke.de\/site\/\",\"name\":\"Fotografie M\u00f6rke\",\"description\":\"Immer besonders.\",\"publisher\":{\"@id\":\"https:\/\/www.fotografie-moerke.de\/site\/#organization\"},\"potentialAction\":[{\"@type\":\"SearchAction\",\"target\":{\"@type\":\"EntryPoint\",\"urlTemplate\":\"https:\/\/www.fotografie-moerke.de\/site\/?s={search_term_string}\"},\"query-input\":{\"@type\":\"PropertyValueSpecification\",\"valueRequired\":true,\"valueName\":\"search_term_string\"}}],\"inLanguage\":\"de\"},{\"@type\":\"Organization\",\"@id\":\"https:\/\/www.fotografie-moerke.de\/site\/#organization\",\"name\":\"Fotografie M\u00f6rke\",\"url\":\"https:\/\/www.fotografie-moerke.de\/site\/\",\"logo\":{\"@type\":\"ImageObject\",\"inLanguage\":\"de\",\"@id\":\"https:\/\/www.fotografie-moerke.de\/site\/#\/schema\/logo\/image\/\",\"url\":\"https:\/\/www.fotografie-moerke.de\/site\/wp-content\/uploads\/2017\/02\/Logo.jpg\",\"contentUrl\":\"https:\/\/www.fotografie-moerke.de\/site\/wp-content\/uploads\/2017\/02\/Logo.jpg\",\"width\":3508,\"height\":1156,\"caption\":\"Fotografie M\u00f6rke\"},\"image\":{\"@id\":\"https:\/\/www.fotografie-moerke.de\/site\/#\/schema\/logo\/image\/\"},\"sameAs\":[\"https:\/\/www.facebook.com\/fotografiemoerke\"]}]}<\/script>\n<!-- \/ Yoast SEO plugin. -->","yoast_head_json":{"title":"Kontakt - Fotografie M\u00f6rke","robots":{"index":"index","follow":"follow","max-snippet":"max-snippet:-1","max-image-preview":"max-image-preview:large","max-video-preview":"max-video-preview:-1"},"canonical":"https:\/\/www.fotografie-moerke.de\/site\/kontakt\/","og_locale":"de_DE","og_type":"article","og_title":"Kontakt - Fotografie M\u00f6rke","og_description":"Fotografie M\u00f6rke Bahnhofstra\u00dfe 28 33790 Halle Westf. Tel 05201 &#8211; 35 24 team@fotografie-moerke.de Facebook","og_url":"https:\/\/www.fotografie-moerke.de\/site\/kontakt\/","og_site_name":"Fotografie M\u00f6rke","article_publisher":"https:\/\/www.facebook.com\/fotografiemoerke","article_modified_time":"2018-03-29T16:04:08+00:00","twitter_card":"summary_large_image","schema":{"@context":"https:\/\/schema.org","@graph":[{"@type":"WebPage","@id":"https:\/\/www.fotografie-moerke.de\/site\/kontakt\/","url":"https:\/\/www.fotografie-moerke.de\/site\/kontakt\/","name":"Kontakt - Fotografie M\u00f6rke","isPartOf":{"@id":"https:\/\/www.fotografie-moerke.de\/site\/#website"},"datePublished":"2017-02-25T21:37:27+00:00","dateModified":"2018-03-29T16:04:08+00:00","breadcrumb":{"@id":"https:\/\/www.fotografie-moerke.de\/site\/kontakt\/#breadcrumb"},"inLanguage":"de","potentialAction":[{"@type":"ReadAction","target":["https:\/\/www.fotografie-moerke.de\/site\/kontakt\/"]}]},{"@type":"BreadcrumbList","@id":"https:\/\/www.fotografie-moerke.de\/site\/kontakt\/#breadcrumb","itemListElement":[{"@type":"ListItem","position":1,"name":"Startseite","item":"https:\/\/www.fotografie-moerke.de\/site\/"},{"@type":"ListItem","position":2,"name":"Kontakt"}]},{"@type":"WebSite","@id":"https:\/\/www.fotografie-moerke.de\/site\/#website","url":"https:\/\/www.fotografie-moerke.de\/site\/","name":"Fotografie M\u00f6rke","description":"Immer besonders.","publisher":{"@id":"https:\/\/www.fotografie-moerke.de\/site\/#organization"},"potentialAction":[{"@type":"SearchAction","target":{"@type":"EntryPoint","urlTemplate":"https:\/\/www.fotografie-moerke.de\/site\/?s={search_term_string}"},"query-input":{"@type":"PropertyValueSpecification","valueRequired":true,"valueName":"search_term_string"}}],"inLanguage":"de"},{"@type":"Organization","@id":"https:\/\/www.fotografie-moerke.de\/site\/#organization","name":"Fotografie M\u00f6rke","url":"https:\/\/www.fotografie-moerke.de\/site\/","logo":{"@type":"ImageObject","inLanguage":"de","@id":"https:\/\/www.fotografie-moerke.de\/site\/#\/schema\/logo\/image\/","url":"https:\/\/www.fotografie-moerke.de\/site\/wp-content\/uploads\/2017\/02\/Logo.jpg","contentUrl":"https:\/\/www.fotografie-moerke.de\/site\/wp-content\/uploads\/2017\/02\/Logo.jpg","width":3508,"height":1156,"caption":"Fotografie M\u00f6rke"},"image":{"@id":"https:\/\/www.fotografie-moerke.de\/site\/#\/schema\/logo\/image\/"},"sameAs":["https:\/\/www.facebook.com\/fotografiemoerke"]}]}},"_links":{"self":[{"href":"https:\/\/www.fotografie-moerke.de\/site\/wp-json\/wp\/v2\/pages\/21"}],"collection":[{"href":"https:\/\/www.fotografie-moerke.de\/site\/wp-json\/wp\/v2\/pages"}],"about":[{"href":"https:\/\/www.fotografie-moerke.de\/site\/wp-json\/wp\/v2\/types\/page"}],"author":[{"embeddable":true,"href":"https:\/\/www.fotografie-moerke.de\/site\/wp-json\/wp\/v2\/users\/3"}],"replies":[{"embeddable":true,"href":"https:\/\/www.fotografie-moerke.de\/site\/wp-json\/wp\/v2\/comments?post=21"}],"version-history":[{"count":5,"href":"https:\/\/www.fotografie-moerke.de\/site\/wp-json\/wp\/v2\/pages\/21\/revisions"}],"predecessor-version":[{"id":627,"href":"https:\/\/www.fotografie-moerke.de\/site\/wp-json\/wp\/v2\/pages\/21\/revisions\/627"}],"wp:attachment":[{"href":"https:\/\/www.fotografie-moerke.de\/site\/wp-json\/wp\/v2\/media?parent=21"}],"curies":[{"name":"wp","href":"https:\/\/api.w.org\/{rel}","templated":true}]}}