{"id":672,"date":"2018-03-29T18:11:53","date_gmt":"2018-03-29T16:11:53","guid":{"rendered":"http:\/\/www.fotografie-moerke.de\/cmstest\/?page_id=672"},"modified":"2018-03-29T18:18:29","modified_gmt":"2018-03-29T16:18:29","slug":"impressum","status":"publish","type":"page","link":"https:\/\/www.fotografie-moerke.de\/site\/impressum\/","title":{"rendered":"Impressum"},"content":{"rendered":"<h4><\/h4>\n<p>Michael M\u00f6rke<\/p>\n<p>Bahnhofstra\u00dfe 28\u00a0 \u00a033790 Halle<\/p>\n<p>Telefon: 05201-3524<\/p>\n<p>Telefax: 05201-66 98 39<\/p>\n<p>E-Mail: team @ fotografie-moerke.de<\/p>\n<p>Internet: www.fotografie-moerke.de<\/p>\n<p>Steuernummer: 351\/5163\/2360<\/p>\n","protected":false},"excerpt":{"rendered":"<p>Michael M\u00f6rke Bahnhofstra\u00dfe 28\u00a0 \u00a033790 Halle Telefon: 05201-3524 Telefax: 05201-66 98 39 E-Mail: team @ fotografie-moerke.de Internet: www.fotografie-moerke.de Steuernummer: 351\/5163\/2360<\/p>\n","protected":false},"author":1,"featured_media":0,"parent":0,"menu_order":60,"comment_status":"closed","ping_status":"closed","template":"","meta":{"footnotes":""},"class_list":["post-672","page","type-page","status-publish","hentry"],"yoast_head":"<!-- This site is optimized with the Yoast SEO plugin v25.6 - https:\/\/yoast.com\/wordpress\/plugins\/seo\/ -->\n<title>Impressum - Fotografie M\u00f6rke<\/title>\n<meta name=\"robots\" content=\"index, follow, max-snippet:-1, max-image-preview:large, max-video-preview:-1\" \/>\n<link rel=\"canonical\" href=\"https:\/\/www.fotografie-moerke.de\/site\/impressum\/\" \/>\n<meta property=\"og:locale\" content=\"de_DE\" \/>\n<meta property=\"og:type\" content=\"article\" \/>\n<meta property=\"og:title\" content=\"Impressum - Fotografie M\u00f6rke\" \/>\n<meta property=\"og:description\" content=\"Michael M\u00f6rke Bahnhofstra\u00dfe 28\u00a0 \u00a033790 Halle Telefon: 05201-3524 Telefax: 05201-66 98 39 E-Mail: team @ fotografie-moerke.de Internet: www.fotografie-moerke.de Steuernummer: 351\/5163\/2360\" \/>\n<meta property=\"og:url\" content=\"https:\/\/www.fotografie-moerke.de\/site\/impressum\/\" \/>\n<meta property=\"og:site_name\" content=\"Fotografie M\u00f6rke\" \/>\n<meta property=\"article:publisher\" content=\"https:\/\/www.facebook.com\/fotografiemoerke\" \/>\n<meta property=\"article:modified_time\" content=\"2018-03-29T16:18:29+00:00\" \/>\n<meta name=\"twitter:card\" content=\"summary_large_image\" \/>\n<script type=\"application\/ld+json\" class=\"yoast-schema-graph\">{\"@context\":\"https:\/\/schema.org\",\"@graph\":[{\"@type\":\"WebPage\",\"@id\":\"https:\/\/www.fotografie-moerke.de\/site\/impressum\/\",\"url\":\"https:\/\/www.fotografie-moerke.de\/site\/impressum\/\",\"name\":\"Impressum - Fotografie M\u00f6rke\",\"isPartOf\":{\"@id\":\"https:\/\/www.fotografie-moerke.de\/site\/#website\"},\"datePublished\":\"2018-03-29T16:11:53+00:00\",\"dateModified\":\"2018-03-29T16:18:29+00:00\",\"breadcrumb\":{\"@id\":\"https:\/\/www.fotografie-moerke.de\/site\/impressum\/#breadcrumb\"},\"inLanguage\":\"de\",\"potentialAction\":[{\"@type\":\"ReadAction\",\"target\":[\"https:\/\/www.fotografie-moerke.de\/site\/impressum\/\"]}]},{\"@type\":\"BreadcrumbList\",\"@id\":\"https:\/\/www.fotografie-moerke.de\/site\/impressum\/#breadcrumb\",\"itemListElement\":[{\"@type\":\"ListItem\",\"position\":1,\"name\":\"Startseite\",\"item\":\"https:\/\/www.fotografie-moerke.de\/site\/\"},{\"@type\":\"ListItem\",\"position\":2,\"name\":\"Impressum\"}]},{\"@type\":\"WebSite\",\"@id\":\"https:\/\/www.fotografie-moerke.de\/site\/#website\",\"url\":\"https:\/\/www.fotografie-moerke.de\/site\/\",\"name\":\"Fotografie M\u00f6rke\",\"description\":\"Immer besonders.\",\"publisher\":{\"@id\":\"https:\/\/www.fotografie-moerke.de\/site\/#organization\"},\"potentialAction\":[{\"@type\":\"SearchAction\",\"target\":{\"@type\":\"EntryPoint\",\"urlTemplate\":\"https:\/\/www.fotografie-moerke.de\/site\/?s={search_term_string}\"},\"query-input\":{\"@type\":\"PropertyValueSpecification\",\"valueRequired\":true,\"valueName\":\"search_term_string\"}}],\"inLanguage\":\"de\"},{\"@type\":\"Organization\",\"@id\":\"https:\/\/www.fotografie-moerke.de\/site\/#organization\",\"name\":\"Fotografie M\u00f6rke\",\"url\":\"https:\/\/www.fotografie-moerke.de\/site\/\",\"logo\":{\"@type\":\"ImageObject\",\"inLanguage\":\"de\",\"@id\":\"https:\/\/www.fotografie-moerke.de\/site\/#\/schema\/logo\/image\/\",\"url\":\"https:\/\/www.fotografie-moerke.de\/site\/wp-content\/uploads\/2017\/02\/Logo.jpg\",\"contentUrl\":\"https:\/\/www.fotografie-moerke.de\/site\/wp-content\/uploads\/2017\/02\/Logo.jpg\",\"width\":3508,\"height\":1156,\"caption\":\"Fotografie M\u00f6rke\"},\"image\":{\"@id\":\"https:\/\/www.fotografie-moerke.de\/site\/#\/schema\/logo\/image\/\"},\"sameAs\":[\"https:\/\/www.facebook.com\/fotografiemoerke\"]}]}<\/script>\n<!-- \/ Yoast SEO plugin. -->","yoast_head_json":{"title":"Impressum - Fotografie M\u00f6rke","robots":{"index":"index","follow":"follow","max-snippet":"max-snippet:-1","max-image-preview":"max-image-preview:large","max-video-preview":"max-video-preview:-1"},"canonical":"https:\/\/www.fotografie-moerke.de\/site\/impressum\/","og_locale":"de_DE","og_type":"article","og_title":"Impressum - Fotografie M\u00f6rke","og_description":"Michael M\u00f6rke Bahnhofstra\u00dfe 28\u00a0 \u00a033790 Halle Telefon: 05201-3524 Telefax: 05201-66 98 39 E-Mail: team @ fotografie-moerke.de Internet: www.fotografie-moerke.de Steuernummer: 351\/5163\/2360","og_url":"https:\/\/www.fotografie-moerke.de\/site\/impressum\/","og_site_name":"Fotografie M\u00f6rke","article_publisher":"https:\/\/www.facebook.com\/fotografiemoerke","article_modified_time":"2018-03-29T16:18:29+00:00","twitter_card":"summary_large_image","schema":{"@context":"https:\/\/schema.org","@graph":[{"@type":"WebPage","@id":"https:\/\/www.fotografie-moerke.de\/site\/impressum\/","url":"https:\/\/www.fotografie-moerke.de\/site\/impressum\/","name":"Impressum - Fotografie M\u00f6rke","isPartOf":{"@id":"https:\/\/www.fotografie-moerke.de\/site\/#website"},"datePublished":"2018-03-29T16:11:53+00:00","dateModified":"2018-03-29T16:18:29+00:00","breadcrumb":{"@id":"https:\/\/www.fotografie-moerke.de\/site\/impressum\/#breadcrumb"},"inLanguage":"de","potentialAction":[{"@type":"ReadAction","target":["https:\/\/www.fotografie-moerke.de\/site\/impressum\/"]}]},{"@type":"BreadcrumbList","@id":"https:\/\/www.fotografie-moerke.de\/site\/impressum\/#breadcrumb","itemListElement":[{"@type":"ListItem","position":1,"name":"Startseite","item":"https:\/\/www.fotografie-moerke.de\/site\/"},{"@type":"ListItem","position":2,"name":"Impressum"}]},{"@type":"WebSite","@id":"https:\/\/www.fotografie-moerke.de\/site\/#website","url":"https:\/\/www.fotografie-moerke.de\/site\/","name":"Fotografie M\u00f6rke","description":"Immer besonders.","publisher":{"@id":"https:\/\/www.fotografie-moerke.de\/site\/#organization"},"potentialAction":[{"@type":"SearchAction","target":{"@type":"EntryPoint","urlTemplate":"https:\/\/www.fotografie-moerke.de\/site\/?s={search_term_string}"},"query-input":{"@type":"PropertyValueSpecification","valueRequired":true,"valueName":"search_term_string"}}],"inLanguage":"de"},{"@type":"Organization","@id":"https:\/\/www.fotografie-moerke.de\/site\/#organization","name":"Fotografie M\u00f6rke","url":"https:\/\/www.fotografie-moerke.de\/site\/","logo":{"@type":"ImageObject","inLanguage":"de","@id":"https:\/\/www.fotografie-moerke.de\/site\/#\/schema\/logo\/image\/","url":"https:\/\/www.fotografie-moerke.de\/site\/wp-content\/uploads\/2017\/02\/Logo.jpg","contentUrl":"https:\/\/www.fotografie-moerke.de\/site\/wp-content\/uploads\/2017\/02\/Logo.jpg","width":3508,"height":1156,"caption":"Fotografie M\u00f6rke"},"image":{"@id":"https:\/\/www.fotografie-moerke.de\/site\/#\/schema\/logo\/image\/"},"sameAs":["https:\/\/www.facebook.com\/fotografiemoerke"]}]}},"_links":{"self":[{"href":"https:\/\/www.fotografie-moerke.de\/site\/wp-json\/wp\/v2\/pages\/672"}],"collection":[{"href":"https:\/\/www.fotografie-moerke.de\/site\/wp-json\/wp\/v2\/pages"}],"about":[{"href":"https:\/\/www.fotografie-moerke.de\/site\/wp-json\/wp\/v2\/types\/page"}],"author":[{"embeddable":true,"href":"https:\/\/www.fotografie-moerke.de\/site\/wp-json\/wp\/v2\/users\/1"}],"replies":[{"embeddable":true,"href":"https:\/\/www.fotografie-moerke.de\/site\/wp-json\/wp\/v2\/comments?post=672"}],"version-history":[{"count":2,"href":"https:\/\/www.fotografie-moerke.de\/site\/wp-json\/wp\/v2\/pages\/672\/revisions"}],"predecessor-version":[{"id":675,"href":"https:\/\/www.fotografie-moerke.de\/site\/wp-json\/wp\/v2\/pages\/672\/revisions\/675"}],"wp:attachment":[{"href":"https:\/\/www.fotografie-moerke.de\/site\/wp-json\/wp\/v2\/media?parent=672"}],"curies":[{"name":"wp","href":"https:\/\/api.w.org\/{rel}","templated":true}]}}