{"id":764,"date":"2018-04-26T11:59:59","date_gmt":"2018-04-26T09:59:59","guid":{"rendered":"http:\/\/www.fotografie-moerke.de\/site\/?page_id=764"},"modified":"2023-10-17T17:19:07","modified_gmt":"2023-10-17T15:19:07","slug":"digitalisierung-film-und-video","status":"publish","type":"page","link":"https:\/\/www.fotografie-moerke.de\/site\/digitalisierung-film-und-video\/","title":{"rendered":"Digitalisierung Film und Video"},"content":{"rendered":"\t\t<div data-elementor-type=\"wp-post\" data-elementor-id=\"764\" class=\"elementor elementor-764\" data-elementor-post-type=\"page\">\n\t\t\t\t\t\t<section class=\"elementor-section elementor-top-section elementor-element elementor-element-1d372d4b elementor-section-stretched elementor-section-boxed elementor-section-height-default elementor-section-height-default\" data-id=\"1d372d4b\" data-element_type=\"section\" data-settings=\"{&quot;stretch_section&quot;:&quot;section-stretched&quot;}\">\n\t\t\t\t\t\t<div class=\"elementor-container elementor-column-gap-default\">\n\t\t\t\t\t<div class=\"elementor-column elementor-col-100 elementor-top-column elementor-element elementor-element-35ca478f\" data-id=\"35ca478f\" data-element_type=\"column\">\n\t\t\t<div class=\"elementor-widget-wrap elementor-element-populated\">\n\t\t\t\t\t\t<div class=\"elementor-element elementor-element-4dd6e188 elementor-position-left elementor-vertical-align-top elementor-invisible elementor-widget elementor-widget-image-box\" data-id=\"4dd6e188\" data-element_type=\"widget\" data-settings=\"{&quot;_animation&quot;:&quot;fadeIn&quot;}\" data-widget_type=\"image-box.default\">\n\t\t\t\t<div class=\"elementor-widget-container\">\n\t\t\t<div class=\"elementor-image-box-wrapper\"><figure class=\"elementor-image-box-img\"><img fetchpriority=\"high\" decoding=\"async\" width=\"1000\" height=\"1000\" src=\"https:\/\/www.fotografie-moerke.de\/site\/wp-content\/uploads\/2020\/03\/ThemeSW002.jpg\" class=\"attachment-full size-full wp-image-1164\" alt=\"\" srcset=\"https:\/\/www.fotografie-moerke.de\/site\/wp-content\/uploads\/2020\/03\/ThemeSW002.jpg 1000w, https:\/\/www.fotografie-moerke.de\/site\/wp-content\/uploads\/2020\/03\/ThemeSW002-250x250.jpg 250w, https:\/\/www.fotografie-moerke.de\/site\/wp-content\/uploads\/2020\/03\/ThemeSW002-100x100.jpg 100w, https:\/\/www.fotografie-moerke.de\/site\/wp-content\/uploads\/2020\/03\/ThemeSW002-350x350.jpg 350w, https:\/\/www.fotografie-moerke.de\/site\/wp-content\/uploads\/2020\/03\/ThemeSW002-150x150.jpg 150w, https:\/\/www.fotografie-moerke.de\/site\/wp-content\/uploads\/2020\/03\/ThemeSW002-300x300.jpg 300w, https:\/\/www.fotografie-moerke.de\/site\/wp-content\/uploads\/2020\/03\/ThemeSW002-768x768.jpg 768w\" sizes=\"(max-width: 767px) 89vw, (max-width: 1000px) 54vw, (max-width: 1071px) 543px, 580px\" \/><\/figure><div class=\"elementor-image-box-content\"><h3 class=\"elementor-image-box-title\">Aus Super 8 Filmen  werden DVDs<\/h3><p class=\"elementor-image-box-description\">NEU: Unser eigener Dienst Eco-Transfer! \nDeine Schmalfilme und Videokassetten werden bei uns digitalisiert.  So hast du deinen Film schnell und kosteng\u00fcnstig zur\u00fcck! <\/p><\/div><\/div>\t\t<\/div>\n\t\t\t\t<\/div>\n\t\t\t\t\t<\/div>\n\t\t<\/div>\n\t\t\t\t\t<\/div>\n\t\t<\/section>\n\t\t\t\t<section class=\"elementor-section elementor-top-section elementor-element elementor-element-43c146bc elementor-section-boxed elementor-section-height-default elementor-section-height-default\" data-id=\"43c146bc\" data-element_type=\"section\">\n\t\t\t\t\t\t<div class=\"elementor-container elementor-column-gap-default\">\n\t\t\t\t\t<div class=\"elementor-column elementor-col-100 elementor-top-column elementor-element elementor-element-35d0f555\" data-id=\"35d0f555\" data-element_type=\"column\">\n\t\t\t<div class=\"elementor-widget-wrap elementor-element-populated\">\n\t\t\t\t\t\t<div class=\"elementor-element elementor-element-486fc8e3 elementor-widget elementor-widget-accordion\" data-id=\"486fc8e3\" data-element_type=\"widget\" data-widget_type=\"accordion.default\">\n\t\t\t\t<div class=\"elementor-widget-container\">\n\t\t\t\t\t<div class=\"elementor-accordion\">\n\t\t\t\t\t\t\t<div class=\"elementor-accordion-item\">\n\t\t\t\t\t<div id=\"elementor-tab-title-1211\" class=\"elementor-tab-title\" data-tab=\"1\" role=\"button\" aria-controls=\"elementor-tab-content-1211\" aria-expanded=\"false\">\n\t\t\t\t\t\t\t\t\t\t\t\t\t<span class=\"elementor-accordion-icon elementor-accordion-icon-left\" aria-hidden=\"true\">\n\t\t\t\t\t\t\t\t\t\t\t\t\t\t\t<span class=\"elementor-accordion-icon-closed\"><i class=\"fas fa-plus\"><\/i><\/span>\n\t\t\t\t\t\t\t\t<span class=\"elementor-accordion-icon-opened\"><i class=\"fas fa-minus\"><\/i><\/span>\n\t\t\t\t\t\t\t\t\t\t\t\t\t\t<\/span>\n\t\t\t\t\t\t\t\t\t\t\t\t<a class=\"elementor-accordion-title\" tabindex=\"0\">Was kosten Super8 \/ 8mm - Filme?<\/a>\n\t\t\t\t\t<\/div>\n\t\t\t\t\t<div id=\"elementor-tab-content-1211\" class=\"elementor-tab-content elementor-clearfix\" data-tab=\"1\" role=\"region\" aria-labelledby=\"elementor-tab-title-1211\"><p>Grundpreis pro Auftrag: 8,90 \u20ac inkl. 8 GB USB-Stick<\/p><p>Preis pro Spule nach Filmdurchmesser:<\/p><p>bis 7,5 cm\u00a0 \u00a0&#8211; 8,90 \u20ac<\/p><p>bis 10 cm\u00a0 &#8211; 13,90 \u20ac<\/p><p>bis 12 cm\u00a0 &#8211; 28,90 \u20ac<\/p><p>bis 15 cm\u00a0 \u00a0&#8211; 39,90 \u20ac<\/p><p>bis 18 cm\u00a0 \u00a0&#8211; 54,90 \u20ac<\/p><p>bis 21 cm\u00a0 \u00a0&#8211; 83,90 \u20ac<\/p><p>Klebestelle erneuern: 4,90 \u20ac<\/p><\/div>\n\t\t\t\t<\/div>\n\t\t\t\t\t\t\t<div class=\"elementor-accordion-item\">\n\t\t\t\t\t<div id=\"elementor-tab-title-1212\" class=\"elementor-tab-title\" data-tab=\"2\" role=\"button\" aria-controls=\"elementor-tab-content-1212\" aria-expanded=\"false\">\n\t\t\t\t\t\t\t\t\t\t\t\t\t<span class=\"elementor-accordion-icon elementor-accordion-icon-left\" aria-hidden=\"true\">\n\t\t\t\t\t\t\t\t\t\t\t\t\t\t\t<span class=\"elementor-accordion-icon-closed\"><i class=\"fas fa-plus\"><\/i><\/span>\n\t\t\t\t\t\t\t\t<span class=\"elementor-accordion-icon-opened\"><i class=\"fas fa-minus\"><\/i><\/span>\n\t\t\t\t\t\t\t\t\t\t\t\t\t\t<\/span>\n\t\t\t\t\t\t\t\t\t\t\t\t<a class=\"elementor-accordion-title\" tabindex=\"0\">Was kosten VHS \/ VHS-C Kassetten?<\/a>\n\t\t\t\t\t<\/div>\n\t\t\t\t\t<div id=\"elementor-tab-content-1212\" class=\"elementor-tab-content elementor-clearfix\" data-tab=\"2\" role=\"region\" aria-labelledby=\"elementor-tab-title-1212\"><p>12,90 \u20ac pro Kassette inkl. DVD.<\/p><\/div>\n\t\t\t\t<\/div>\n\t\t\t\t\t\t\t<div class=\"elementor-accordion-item\">\n\t\t\t\t\t<div id=\"elementor-tab-title-1213\" class=\"elementor-tab-title\" data-tab=\"3\" role=\"button\" aria-controls=\"elementor-tab-content-1213\" aria-expanded=\"false\">\n\t\t\t\t\t\t\t\t\t\t\t\t\t<span class=\"elementor-accordion-icon elementor-accordion-icon-left\" aria-hidden=\"true\">\n\t\t\t\t\t\t\t\t\t\t\t\t\t\t\t<span class=\"elementor-accordion-icon-closed\"><i class=\"fas fa-plus\"><\/i><\/span>\n\t\t\t\t\t\t\t\t<span class=\"elementor-accordion-icon-opened\"><i class=\"fas fa-minus\"><\/i><\/span>\n\t\t\t\t\t\t\t\t\t\t\t\t\t\t<\/span>\n\t\t\t\t\t\t\t\t\t\t\t\t<a class=\"elementor-accordion-title\" tabindex=\"0\">Was kosten Mini-DV und Hi8 Kassetten?<\/a>\n\t\t\t\t\t<\/div>\n\t\t\t\t\t<div id=\"elementor-tab-content-1213\" class=\"elementor-tab-content elementor-clearfix\" data-tab=\"3\" role=\"region\" aria-labelledby=\"elementor-tab-title-1213\"><p>Hier gibt es Preisstaffeln:\u00a0<\/p><p>1-4 Kassetten: 23,90 EUR \/ Kassette inkl. DVD<\/p><p>5-9 Kassetten: 21,90 EUR \/ Kassette inkl. DVD<\/p><p>ab 10 Kassetten: 19,90 EUR \/ Kassette inkl. DVD<\/p><p>Du kannst deine Filme f\u00fcr zus. 8,90 EUR pro Auftrag alternativ auch auf USB-Stick erhalten!\u00a0<\/p><\/div>\n\t\t\t\t<\/div>\n\t\t\t\t\t\t\t<div class=\"elementor-accordion-item\">\n\t\t\t\t\t<div id=\"elementor-tab-title-1214\" class=\"elementor-tab-title\" data-tab=\"4\" role=\"button\" aria-controls=\"elementor-tab-content-1214\" aria-expanded=\"false\">\n\t\t\t\t\t\t\t\t\t\t\t\t\t<span class=\"elementor-accordion-icon elementor-accordion-icon-left\" aria-hidden=\"true\">\n\t\t\t\t\t\t\t\t\t\t\t\t\t\t\t<span class=\"elementor-accordion-icon-closed\"><i class=\"fas fa-plus\"><\/i><\/span>\n\t\t\t\t\t\t\t\t<span class=\"elementor-accordion-icon-opened\"><i class=\"fas fa-minus\"><\/i><\/span>\n\t\t\t\t\t\t\t\t\t\t\t\t\t\t<\/span>\n\t\t\t\t\t\t\t\t\t\t\t\t<a class=\"elementor-accordion-title\" tabindex=\"0\">Mein Film ist besch\u00e4digt. <\/a>\n\t\t\t\t\t<\/div>\n\t\t\t\t\t<div id=\"elementor-tab-content-1214\" class=\"elementor-tab-content elementor-clearfix\" data-tab=\"4\" role=\"region\" aria-labelledby=\"elementor-tab-title-1214\"><p>Wir kleben deinen Schmalfilm bei Bedarf f\u00fcr 4,90 \u20ac pro Klebestelle.\u00a0<\/p><p>Weitere Reparaturen bieten wir \u00fcber unseren externen Dienstleister an. Frage uns einfach an: 05201-3524<\/p><\/div>\n\t\t\t\t<\/div>\n\t\t\t\t\t\t\t<div class=\"elementor-accordion-item\">\n\t\t\t\t\t<div id=\"elementor-tab-title-1215\" class=\"elementor-tab-title\" data-tab=\"5\" role=\"button\" aria-controls=\"elementor-tab-content-1215\" aria-expanded=\"false\">\n\t\t\t\t\t\t\t\t\t\t\t\t\t<span class=\"elementor-accordion-icon elementor-accordion-icon-left\" aria-hidden=\"true\">\n\t\t\t\t\t\t\t\t\t\t\t\t\t\t\t<span class=\"elementor-accordion-icon-closed\"><i class=\"fas fa-plus\"><\/i><\/span>\n\t\t\t\t\t\t\t\t<span class=\"elementor-accordion-icon-opened\"><i class=\"fas fa-minus\"><\/i><\/span>\n\t\t\t\t\t\t\t\t\t\t\t\t\t\t<\/span>\n\t\t\t\t\t\t\t\t\t\t\t\t<a class=\"elementor-accordion-title\" tabindex=\"0\">Ich habe es eilig! Gibt es einen Express?<\/a>\n\t\t\t\t\t<\/div>\n\t\t\t\t\t<div id=\"elementor-tab-content-1215\" class=\"elementor-tab-content elementor-clearfix\" data-tab=\"5\" role=\"region\" aria-labelledby=\"elementor-tab-title-1215\"><p>Ja. Ruf uns am Besten an (05201 &#8211; 35 24) oder komm vorbei, damit wir f\u00fcr deinen Fall M\u00f6glichkeiten und Preise zusichern k\u00f6nnen.<\/p><\/div>\n\t\t\t\t<\/div>\n\t\t\t\t\t\t\t<div class=\"elementor-accordion-item\">\n\t\t\t\t\t<div id=\"elementor-tab-title-1216\" class=\"elementor-tab-title\" data-tab=\"6\" role=\"button\" aria-controls=\"elementor-tab-content-1216\" aria-expanded=\"false\">\n\t\t\t\t\t\t\t\t\t\t\t\t\t<span class=\"elementor-accordion-icon elementor-accordion-icon-left\" aria-hidden=\"true\">\n\t\t\t\t\t\t\t\t\t\t\t\t\t\t\t<span class=\"elementor-accordion-icon-closed\"><i class=\"fas fa-plus\"><\/i><\/span>\n\t\t\t\t\t\t\t\t<span class=\"elementor-accordion-icon-opened\"><i class=\"fas fa-minus\"><\/i><\/span>\n\t\t\t\t\t\t\t\t\t\t\t\t\t\t<\/span>\n\t\t\t\t\t\t\t\t\t\t\t\t<a class=\"elementor-accordion-title\" tabindex=\"0\">Ich ben\u00f6tige ein anderes Filmformat<\/a>\n\t\t\t\t\t<\/div>\n\t\t\t\t\t<div id=\"elementor-tab-content-1216\" class=\"elementor-tab-content elementor-clearfix\" data-tab=\"6\" role=\"region\" aria-labelledby=\"elementor-tab-title-1216\"><p>\u00dcber unser Gro\u00dflabor bieten wir dir fast alles an, was du dir vorstellen kannst&#8230; Frag uns unverbindlich an: 05201-3524<\/p><\/div>\n\t\t\t\t<\/div>\n\t\t\t\t\t\t\t<div class=\"elementor-accordion-item\">\n\t\t\t\t\t<div id=\"elementor-tab-title-1217\" class=\"elementor-tab-title\" data-tab=\"7\" role=\"button\" aria-controls=\"elementor-tab-content-1217\" aria-expanded=\"false\">\n\t\t\t\t\t\t\t\t\t\t\t\t\t<span class=\"elementor-accordion-icon elementor-accordion-icon-left\" aria-hidden=\"true\">\n\t\t\t\t\t\t\t\t\t\t\t\t\t\t\t<span class=\"elementor-accordion-icon-closed\"><i class=\"fas fa-plus\"><\/i><\/span>\n\t\t\t\t\t\t\t\t<span class=\"elementor-accordion-icon-opened\"><i class=\"fas fa-minus\"><\/i><\/span>\n\t\t\t\t\t\t\t\t\t\t\t\t\t\t<\/span>\n\t\t\t\t\t\t\t\t\t\t\t\t<a class=\"elementor-accordion-title\" tabindex=\"0\">Ich habe Sonderw\u00fcnsche!<\/a>\n\t\t\t\t\t<\/div>\n\t\t\t\t\t<div id=\"elementor-tab-content-1217\" class=\"elementor-tab-content elementor-clearfix\" data-tab=\"7\" role=\"region\" aria-labelledby=\"elementor-tab-title-1217\"><p>Dann bist du bei uns richtig. Ruf uns am Besten an (05201 &#8211; 35 24) oder komm vorbei.\u00a0 Probleml\u00f6sungen sind unser Spezialgebiet!<\/p><\/div>\n\t\t\t\t<\/div>\n\t\t\t\t\t\t\t\t<\/div>\n\t\t\t\t<\/div>\n\t\t\t\t<\/div>\n\t\t\t\t\t<\/div>\n\t\t<\/div>\n\t\t\t\t\t<\/div>\n\t\t<\/section>\n\t\t\t\t<\/div>\n\t\t","protected":false},"excerpt":{"rendered":"<p>Aus Super 8 Filmen werden DVDs NEU: Unser eigener Dienst Eco-Transfer! Deine Schmalfilme und Videokassetten werden bei uns digitalisiert. So hast du deinen Film schnell und kosteng\u00fcnstig zur\u00fcck! Was kosten Super8 \/ 8mm &#8211; Filme? Grundpreis pro Auftrag: 8,90 \u20ac inkl. 8 GB USB-Stick Preis pro Spule nach Filmdurchmesser: bis 7,5 cm\u00a0 \u00a0&#8211; 8,90 \u20ac &hellip; <\/p>\n<p class=\"link-more\"><a href=\"https:\/\/www.fotografie-moerke.de\/site\/digitalisierung-film-und-video\/\" class=\"more-link\"><span class=\"screen-reader-text\">\u201eDigitalisierung Film und Video\u201c<\/span> weiterlesen<\/a><\/p>\n","protected":false},"author":1,"featured_media":0,"parent":0,"menu_order":19,"comment_status":"closed","ping_status":"closed","template":"","meta":{"footnotes":""},"class_list":["post-764","page","type-page","status-publish","hentry"],"yoast_head":"<!-- This site is optimized with the Yoast SEO plugin v25.6 - https:\/\/yoast.com\/wordpress\/plugins\/seo\/ -->\n<title>Digitalisierung Film und Video - Fotografie M\u00f6rke<\/title>\n<meta name=\"robots\" content=\"index, follow, max-snippet:-1, max-image-preview:large, max-video-preview:-1\" \/>\n<link rel=\"canonical\" href=\"https:\/\/www.fotografie-moerke.de\/site\/digitalisierung-film-und-video\/\" \/>\n<meta property=\"og:locale\" content=\"de_DE\" \/>\n<meta property=\"og:type\" content=\"article\" \/>\n<meta property=\"og:title\" content=\"Digitalisierung Film und Video - Fotografie M\u00f6rke\" \/>\n<meta property=\"og:description\" content=\"Aus Super 8 Filmen werden DVDs NEU: Unser eigener Dienst Eco-Transfer! Deine Schmalfilme und Videokassetten werden bei uns digitalisiert. So hast du deinen Film schnell und kosteng\u00fcnstig zur\u00fcck! Was kosten Super8 \/ 8mm &#8211; Filme? Grundpreis pro Auftrag: 8,90 \u20ac inkl. 8 GB USB-Stick Preis pro Spule nach Filmdurchmesser: bis 7,5 cm\u00a0 \u00a0&#8211; 8,90 \u20ac &hellip; \u201eDigitalisierung Film und Video\u201c weiterlesen\" \/>\n<meta property=\"og:url\" content=\"https:\/\/www.fotografie-moerke.de\/site\/digitalisierung-film-und-video\/\" \/>\n<meta property=\"og:site_name\" content=\"Fotografie M\u00f6rke\" \/>\n<meta property=\"article:publisher\" content=\"https:\/\/www.facebook.com\/fotografiemoerke\" \/>\n<meta property=\"article:modified_time\" content=\"2023-10-17T15:19:07+00:00\" \/>\n<meta property=\"og:image\" content=\"https:\/\/www.fotografie-moerke.de\/site\/wp-content\/uploads\/2020\/03\/ThemeSW002.jpg\" \/>\n<meta name=\"twitter:card\" content=\"summary_large_image\" \/>\n<meta name=\"twitter:label1\" content=\"Gesch\u00e4tzte Lesezeit\" \/>\n\t<meta name=\"twitter:data1\" content=\"2\u00a0Minuten\" \/>\n<script type=\"application\/ld+json\" class=\"yoast-schema-graph\">{\"@context\":\"https:\/\/schema.org\",\"@graph\":[{\"@type\":\"WebPage\",\"@id\":\"https:\/\/www.fotografie-moerke.de\/site\/digitalisierung-film-und-video\/\",\"url\":\"https:\/\/www.fotografie-moerke.de\/site\/digitalisierung-film-und-video\/\",\"name\":\"Digitalisierung Film und Video - Fotografie M\u00f6rke\",\"isPartOf\":{\"@id\":\"https:\/\/www.fotografie-moerke.de\/site\/#website\"},\"primaryImageOfPage\":{\"@id\":\"https:\/\/www.fotografie-moerke.de\/site\/digitalisierung-film-und-video\/#primaryimage\"},\"image\":{\"@id\":\"https:\/\/www.fotografie-moerke.de\/site\/digitalisierung-film-und-video\/#primaryimage\"},\"thumbnailUrl\":\"https:\/\/www.fotografie-moerke.de\/site\/wp-content\/uploads\/2020\/03\/ThemeSW002.jpg\",\"datePublished\":\"2018-04-26T09:59:59+00:00\",\"dateModified\":\"2023-10-17T15:19:07+00:00\",\"breadcrumb\":{\"@id\":\"https:\/\/www.fotografie-moerke.de\/site\/digitalisierung-film-und-video\/#breadcrumb\"},\"inLanguage\":\"de\",\"potentialAction\":[{\"@type\":\"ReadAction\",\"target\":[\"https:\/\/www.fotografie-moerke.de\/site\/digitalisierung-film-und-video\/\"]}]},{\"@type\":\"ImageObject\",\"inLanguage\":\"de\",\"@id\":\"https:\/\/www.fotografie-moerke.de\/site\/digitalisierung-film-und-video\/#primaryimage\",\"url\":\"https:\/\/www.fotografie-moerke.de\/site\/wp-content\/uploads\/2020\/03\/ThemeSW002.jpg\",\"contentUrl\":\"https:\/\/www.fotografie-moerke.de\/site\/wp-content\/uploads\/2020\/03\/ThemeSW002.jpg\",\"width\":1000,\"height\":1000},{\"@type\":\"BreadcrumbList\",\"@id\":\"https:\/\/www.fotografie-moerke.de\/site\/digitalisierung-film-und-video\/#breadcrumb\",\"itemListElement\":[{\"@type\":\"ListItem\",\"position\":1,\"name\":\"Startseite\",\"item\":\"https:\/\/www.fotografie-moerke.de\/site\/\"},{\"@type\":\"ListItem\",\"position\":2,\"name\":\"Digitalisierung Film und Video\"}]},{\"@type\":\"WebSite\",\"@id\":\"https:\/\/www.fotografie-moerke.de\/site\/#website\",\"url\":\"https:\/\/www.fotografie-moerke.de\/site\/\",\"name\":\"Fotografie M\u00f6rke\",\"description\":\"Immer besonders.\",\"publisher\":{\"@id\":\"https:\/\/www.fotografie-moerke.de\/site\/#organization\"},\"potentialAction\":[{\"@type\":\"SearchAction\",\"target\":{\"@type\":\"EntryPoint\",\"urlTemplate\":\"https:\/\/www.fotografie-moerke.de\/site\/?s={search_term_string}\"},\"query-input\":{\"@type\":\"PropertyValueSpecification\",\"valueRequired\":true,\"valueName\":\"search_term_string\"}}],\"inLanguage\":\"de\"},{\"@type\":\"Organization\",\"@id\":\"https:\/\/www.fotografie-moerke.de\/site\/#organization\",\"name\":\"Fotografie M\u00f6rke\",\"url\":\"https:\/\/www.fotografie-moerke.de\/site\/\",\"logo\":{\"@type\":\"ImageObject\",\"inLanguage\":\"de\",\"@id\":\"https:\/\/www.fotografie-moerke.de\/site\/#\/schema\/logo\/image\/\",\"url\":\"https:\/\/www.fotografie-moerke.de\/site\/wp-content\/uploads\/2017\/02\/Logo.jpg\",\"contentUrl\":\"https:\/\/www.fotografie-moerke.de\/site\/wp-content\/uploads\/2017\/02\/Logo.jpg\",\"width\":3508,\"height\":1156,\"caption\":\"Fotografie M\u00f6rke\"},\"image\":{\"@id\":\"https:\/\/www.fotografie-moerke.de\/site\/#\/schema\/logo\/image\/\"},\"sameAs\":[\"https:\/\/www.facebook.com\/fotografiemoerke\"]}]}<\/script>\n<!-- \/ Yoast SEO plugin. -->","yoast_head_json":{"title":"Digitalisierung Film und Video - Fotografie M\u00f6rke","robots":{"index":"index","follow":"follow","max-snippet":"max-snippet:-1","max-image-preview":"max-image-preview:large","max-video-preview":"max-video-preview:-1"},"canonical":"https:\/\/www.fotografie-moerke.de\/site\/digitalisierung-film-und-video\/","og_locale":"de_DE","og_type":"article","og_title":"Digitalisierung Film und Video - Fotografie M\u00f6rke","og_description":"Aus Super 8 Filmen werden DVDs NEU: Unser eigener Dienst Eco-Transfer! Deine Schmalfilme und Videokassetten werden bei uns digitalisiert. So hast du deinen Film schnell und kosteng\u00fcnstig zur\u00fcck! Was kosten Super8 \/ 8mm &#8211; Filme? Grundpreis pro Auftrag: 8,90 \u20ac inkl. 8 GB USB-Stick Preis pro Spule nach Filmdurchmesser: bis 7,5 cm\u00a0 \u00a0&#8211; 8,90 \u20ac &hellip; \u201eDigitalisierung Film und Video\u201c weiterlesen","og_url":"https:\/\/www.fotografie-moerke.de\/site\/digitalisierung-film-und-video\/","og_site_name":"Fotografie M\u00f6rke","article_publisher":"https:\/\/www.facebook.com\/fotografiemoerke","article_modified_time":"2023-10-17T15:19:07+00:00","og_image":[{"url":"https:\/\/www.fotografie-moerke.de\/site\/wp-content\/uploads\/2020\/03\/ThemeSW002.jpg","type":"","width":"","height":""}],"twitter_card":"summary_large_image","twitter_misc":{"Gesch\u00e4tzte Lesezeit":"2\u00a0Minuten"},"schema":{"@context":"https:\/\/schema.org","@graph":[{"@type":"WebPage","@id":"https:\/\/www.fotografie-moerke.de\/site\/digitalisierung-film-und-video\/","url":"https:\/\/www.fotografie-moerke.de\/site\/digitalisierung-film-und-video\/","name":"Digitalisierung Film und Video - Fotografie M\u00f6rke","isPartOf":{"@id":"https:\/\/www.fotografie-moerke.de\/site\/#website"},"primaryImageOfPage":{"@id":"https:\/\/www.fotografie-moerke.de\/site\/digitalisierung-film-und-video\/#primaryimage"},"image":{"@id":"https:\/\/www.fotografie-moerke.de\/site\/digitalisierung-film-und-video\/#primaryimage"},"thumbnailUrl":"https:\/\/www.fotografie-moerke.de\/site\/wp-content\/uploads\/2020\/03\/ThemeSW002.jpg","datePublished":"2018-04-26T09:59:59+00:00","dateModified":"2023-10-17T15:19:07+00:00","breadcrumb":{"@id":"https:\/\/www.fotografie-moerke.de\/site\/digitalisierung-film-und-video\/#breadcrumb"},"inLanguage":"de","potentialAction":[{"@type":"ReadAction","target":["https:\/\/www.fotografie-moerke.de\/site\/digitalisierung-film-und-video\/"]}]},{"@type":"ImageObject","inLanguage":"de","@id":"https:\/\/www.fotografie-moerke.de\/site\/digitalisierung-film-und-video\/#primaryimage","url":"https:\/\/www.fotografie-moerke.de\/site\/wp-content\/uploads\/2020\/03\/ThemeSW002.jpg","contentUrl":"https:\/\/www.fotografie-moerke.de\/site\/wp-content\/uploads\/2020\/03\/ThemeSW002.jpg","width":1000,"height":1000},{"@type":"BreadcrumbList","@id":"https:\/\/www.fotografie-moerke.de\/site\/digitalisierung-film-und-video\/#breadcrumb","itemListElement":[{"@type":"ListItem","position":1,"name":"Startseite","item":"https:\/\/www.fotografie-moerke.de\/site\/"},{"@type":"ListItem","position":2,"name":"Digitalisierung Film und Video"}]},{"@type":"WebSite","@id":"https:\/\/www.fotografie-moerke.de\/site\/#website","url":"https:\/\/www.fotografie-moerke.de\/site\/","name":"Fotografie M\u00f6rke","description":"Immer besonders.","publisher":{"@id":"https:\/\/www.fotografie-moerke.de\/site\/#organization"},"potentialAction":[{"@type":"SearchAction","target":{"@type":"EntryPoint","urlTemplate":"https:\/\/www.fotografie-moerke.de\/site\/?s={search_term_string}"},"query-input":{"@type":"PropertyValueSpecification","valueRequired":true,"valueName":"search_term_string"}}],"inLanguage":"de"},{"@type":"Organization","@id":"https:\/\/www.fotografie-moerke.de\/site\/#organization","name":"Fotografie M\u00f6rke","url":"https:\/\/www.fotografie-moerke.de\/site\/","logo":{"@type":"ImageObject","inLanguage":"de","@id":"https:\/\/www.fotografie-moerke.de\/site\/#\/schema\/logo\/image\/","url":"https:\/\/www.fotografie-moerke.de\/site\/wp-content\/uploads\/2017\/02\/Logo.jpg","contentUrl":"https:\/\/www.fotografie-moerke.de\/site\/wp-content\/uploads\/2017\/02\/Logo.jpg","width":3508,"height":1156,"caption":"Fotografie M\u00f6rke"},"image":{"@id":"https:\/\/www.fotografie-moerke.de\/site\/#\/schema\/logo\/image\/"},"sameAs":["https:\/\/www.facebook.com\/fotografiemoerke"]}]}},"_links":{"self":[{"href":"https:\/\/www.fotografie-moerke.de\/site\/wp-json\/wp\/v2\/pages\/764"}],"collection":[{"href":"https:\/\/www.fotografie-moerke.de\/site\/wp-json\/wp\/v2\/pages"}],"about":[{"href":"https:\/\/www.fotografie-moerke.de\/site\/wp-json\/wp\/v2\/types\/page"}],"author":[{"embeddable":true,"href":"https:\/\/www.fotografie-moerke.de\/site\/wp-json\/wp\/v2\/users\/1"}],"replies":[{"embeddable":true,"href":"https:\/\/www.fotografie-moerke.de\/site\/wp-json\/wp\/v2\/comments?post=764"}],"version-history":[{"count":41,"href":"https:\/\/www.fotografie-moerke.de\/site\/wp-json\/wp\/v2\/pages\/764\/revisions"}],"predecessor-version":[{"id":1930,"href":"https:\/\/www.fotografie-moerke.de\/site\/wp-json\/wp\/v2\/pages\/764\/revisions\/1930"}],"wp:attachment":[{"href":"https:\/\/www.fotografie-moerke.de\/site\/wp-json\/wp\/v2\/media?parent=764"}],"curies":[{"name":"wp","href":"https:\/\/api.w.org\/{rel}","templated":true}]}}