{"id":1550,"date":"2021-12-12T11:21:08","date_gmt":"2021-12-12T10:21:08","guid":{"rendered":"https:\/\/www.fotografie-moerke.de\/site\/?post_type=product&#038;p=1550"},"modified":"2021-12-12T11:21:56","modified_gmt":"2021-12-12T10:21:56","slug":"gutschein-20-eur","status":"publish","type":"product","link":"https:\/\/www.fotografie-moerke.de\/site\/produkt\/gutschein-20-eur\/","title":{"rendered":"Gutschein 20 EUR"},"content":{"rendered":"","protected":false},"excerpt":{"rendered":"<p>Diesen Gutschein kannst du im Gesch\u00e4ft vor Ort einl\u00f6sen!<\/p>\n<p>Er gilt z. B. f\u00fcr Produkte wie Kameras und f\u00fcr Dienstleistungen wie Fotografie und unseren Fotoservice &#8222;Hausbild&#8220; und vieles mehr!<\/p>\n","protected":false},"featured_media":1538,"template":"","meta":[],"product_brand":[],"product_cat":[24],"product_tag":[],"class_list":{"0":"post-1550","1":"product","2":"type-product","3":"status-publish","4":"has-post-thumbnail","6":"product_cat-gutscheine","8":"first","9":"instock","10":"downloadable","11":"virtual","12":"purchasable","13":"product-type-simple"},"yoast_head":"<!-- This site is optimized with the Yoast SEO plugin v25.6 - https:\/\/yoast.com\/wordpress\/plugins\/seo\/ -->\n<title>Gutschein 20 EUR - Fotografie M\u00f6rke<\/title>\n<meta name=\"robots\" content=\"index, follow, max-snippet:-1, max-image-preview:large, max-video-preview:-1\" \/>\n<link rel=\"canonical\" href=\"https:\/\/www.fotografie-moerke.de\/site\/produkt\/gutschein-20-eur\/\" \/>\n<meta property=\"og:locale\" content=\"de_DE\" \/>\n<meta property=\"og:type\" content=\"article\" \/>\n<meta property=\"og:title\" content=\"Gutschein 20 EUR - Fotografie M\u00f6rke\" \/>\n<meta property=\"og:description\" content=\"Diesen Gutschein kannst du im Gesch\u00e4ft vor Ort einl\u00f6sen!  Er gilt z. B. f\u00fcr Produkte wie Kameras und f\u00fcr Dienstleistungen wie Fotografie und unseren Fotoservice &quot;Hausbild&quot; und vieles mehr!\" \/>\n<meta property=\"og:url\" content=\"https:\/\/www.fotografie-moerke.de\/site\/produkt\/gutschein-20-eur\/\" \/>\n<meta property=\"og:site_name\" content=\"Fotografie M\u00f6rke\" \/>\n<meta property=\"article:publisher\" content=\"https:\/\/www.facebook.com\/fotografiemoerke\" \/>\n<meta property=\"article:modified_time\" content=\"2021-12-12T10:21:56+00:00\" \/>\n<meta property=\"og:image\" content=\"https:\/\/www.fotografie-moerke.de\/site\/wp-content\/uploads\/2021\/12\/GutschPic.jpg\" \/>\n\t<meta property=\"og:image:width\" content=\"450\" \/>\n\t<meta property=\"og:image:height\" content=\"450\" \/>\n\t<meta property=\"og:image:type\" content=\"image\/jpeg\" \/>\n<meta name=\"twitter:card\" content=\"summary_large_image\" \/>\n<script type=\"application\/ld+json\" class=\"yoast-schema-graph\">{\"@context\":\"https:\/\/schema.org\",\"@graph\":[{\"@type\":\"WebPage\",\"@id\":\"https:\/\/www.fotografie-moerke.de\/site\/produkt\/gutschein-20-eur\/\",\"url\":\"https:\/\/www.fotografie-moerke.de\/site\/produkt\/gutschein-20-eur\/\",\"name\":\"Gutschein 20 EUR - Fotografie M\u00f6rke\",\"isPartOf\":{\"@id\":\"https:\/\/www.fotografie-moerke.de\/site\/#website\"},\"primaryImageOfPage\":{\"@id\":\"https:\/\/www.fotografie-moerke.de\/site\/produkt\/gutschein-20-eur\/#primaryimage\"},\"image\":{\"@id\":\"https:\/\/www.fotografie-moerke.de\/site\/produkt\/gutschein-20-eur\/#primaryimage\"},\"thumbnailUrl\":\"https:\/\/www.fotografie-moerke.de\/site\/wp-content\/uploads\/2021\/12\/GutschPic.jpg\",\"datePublished\":\"2021-12-12T10:21:08+00:00\",\"dateModified\":\"2021-12-12T10:21:56+00:00\",\"breadcrumb\":{\"@id\":\"https:\/\/www.fotografie-moerke.de\/site\/produkt\/gutschein-20-eur\/#breadcrumb\"},\"inLanguage\":\"de\",\"potentialAction\":[{\"@type\":\"ReadAction\",\"target\":[\"https:\/\/www.fotografie-moerke.de\/site\/produkt\/gutschein-20-eur\/\"]}]},{\"@type\":\"ImageObject\",\"inLanguage\":\"de\",\"@id\":\"https:\/\/www.fotografie-moerke.de\/site\/produkt\/gutschein-20-eur\/#primaryimage\",\"url\":\"https:\/\/www.fotografie-moerke.de\/site\/wp-content\/uploads\/2021\/12\/GutschPic.jpg\",\"contentUrl\":\"https:\/\/www.fotografie-moerke.de\/site\/wp-content\/uploads\/2021\/12\/GutschPic.jpg\",\"width\":450,\"height\":450},{\"@type\":\"BreadcrumbList\",\"@id\":\"https:\/\/www.fotografie-moerke.de\/site\/produkt\/gutschein-20-eur\/#breadcrumb\",\"itemListElement\":[{\"@type\":\"ListItem\",\"position\":1,\"name\":\"Startseite\",\"item\":\"https:\/\/www.fotografie-moerke.de\/site\/\"},{\"@type\":\"ListItem\",\"position\":2,\"name\":\"Gutschein-Shop\",\"item\":\"https:\/\/www.fotografie-moerke.de\/site\/shop\/\"},{\"@type\":\"ListItem\",\"position\":3,\"name\":\"Gutschein 20 EUR\"}]},{\"@type\":\"WebSite\",\"@id\":\"https:\/\/www.fotografie-moerke.de\/site\/#website\",\"url\":\"https:\/\/www.fotografie-moerke.de\/site\/\",\"name\":\"Fotografie M\u00f6rke\",\"description\":\"Immer besonders.\",\"publisher\":{\"@id\":\"https:\/\/www.fotografie-moerke.de\/site\/#organization\"},\"potentialAction\":[{\"@type\":\"SearchAction\",\"target\":{\"@type\":\"EntryPoint\",\"urlTemplate\":\"https:\/\/www.fotografie-moerke.de\/site\/?s={search_term_string}\"},\"query-input\":{\"@type\":\"PropertyValueSpecification\",\"valueRequired\":true,\"valueName\":\"search_term_string\"}}],\"inLanguage\":\"de\"},{\"@type\":\"Organization\",\"@id\":\"https:\/\/www.fotografie-moerke.de\/site\/#organization\",\"name\":\"Fotografie M\u00f6rke\",\"url\":\"https:\/\/www.fotografie-moerke.de\/site\/\",\"logo\":{\"@type\":\"ImageObject\",\"inLanguage\":\"de\",\"@id\":\"https:\/\/www.fotografie-moerke.de\/site\/#\/schema\/logo\/image\/\",\"url\":\"https:\/\/www.fotografie-moerke.de\/site\/wp-content\/uploads\/2017\/02\/Logo.jpg\",\"contentUrl\":\"https:\/\/www.fotografie-moerke.de\/site\/wp-content\/uploads\/2017\/02\/Logo.jpg\",\"width\":3508,\"height\":1156,\"caption\":\"Fotografie M\u00f6rke\"},\"image\":{\"@id\":\"https:\/\/www.fotografie-moerke.de\/site\/#\/schema\/logo\/image\/\"},\"sameAs\":[\"https:\/\/www.facebook.com\/fotografiemoerke\"]}]}<\/script>\n<!-- \/ Yoast SEO plugin. -->","yoast_head_json":{"title":"Gutschein 20 EUR - Fotografie M\u00f6rke","robots":{"index":"index","follow":"follow","max-snippet":"max-snippet:-1","max-image-preview":"max-image-preview:large","max-video-preview":"max-video-preview:-1"},"canonical":"https:\/\/www.fotografie-moerke.de\/site\/produkt\/gutschein-20-eur\/","og_locale":"de_DE","og_type":"article","og_title":"Gutschein 20 EUR - Fotografie M\u00f6rke","og_description":"Diesen Gutschein kannst du im Gesch\u00e4ft vor Ort einl\u00f6sen!  Er gilt z. B. f\u00fcr Produkte wie Kameras und f\u00fcr Dienstleistungen wie Fotografie und unseren Fotoservice \"Hausbild\" und vieles mehr!","og_url":"https:\/\/www.fotografie-moerke.de\/site\/produkt\/gutschein-20-eur\/","og_site_name":"Fotografie M\u00f6rke","article_publisher":"https:\/\/www.facebook.com\/fotografiemoerke","article_modified_time":"2021-12-12T10:21:56+00:00","og_image":[{"width":450,"height":450,"url":"https:\/\/www.fotografie-moerke.de\/site\/wp-content\/uploads\/2021\/12\/GutschPic.jpg","type":"image\/jpeg"}],"twitter_card":"summary_large_image","schema":{"@context":"https:\/\/schema.org","@graph":[{"@type":"WebPage","@id":"https:\/\/www.fotografie-moerke.de\/site\/produkt\/gutschein-20-eur\/","url":"https:\/\/www.fotografie-moerke.de\/site\/produkt\/gutschein-20-eur\/","name":"Gutschein 20 EUR - Fotografie M\u00f6rke","isPartOf":{"@id":"https:\/\/www.fotografie-moerke.de\/site\/#website"},"primaryImageOfPage":{"@id":"https:\/\/www.fotografie-moerke.de\/site\/produkt\/gutschein-20-eur\/#primaryimage"},"image":{"@id":"https:\/\/www.fotografie-moerke.de\/site\/produkt\/gutschein-20-eur\/#primaryimage"},"thumbnailUrl":"https:\/\/www.fotografie-moerke.de\/site\/wp-content\/uploads\/2021\/12\/GutschPic.jpg","datePublished":"2021-12-12T10:21:08+00:00","dateModified":"2021-12-12T10:21:56+00:00","breadcrumb":{"@id":"https:\/\/www.fotografie-moerke.de\/site\/produkt\/gutschein-20-eur\/#breadcrumb"},"inLanguage":"de","potentialAction":[{"@type":"ReadAction","target":["https:\/\/www.fotografie-moerke.de\/site\/produkt\/gutschein-20-eur\/"]}]},{"@type":"ImageObject","inLanguage":"de","@id":"https:\/\/www.fotografie-moerke.de\/site\/produkt\/gutschein-20-eur\/#primaryimage","url":"https:\/\/www.fotografie-moerke.de\/site\/wp-content\/uploads\/2021\/12\/GutschPic.jpg","contentUrl":"https:\/\/www.fotografie-moerke.de\/site\/wp-content\/uploads\/2021\/12\/GutschPic.jpg","width":450,"height":450},{"@type":"BreadcrumbList","@id":"https:\/\/www.fotografie-moerke.de\/site\/produkt\/gutschein-20-eur\/#breadcrumb","itemListElement":[{"@type":"ListItem","position":1,"name":"Startseite","item":"https:\/\/www.fotografie-moerke.de\/site\/"},{"@type":"ListItem","position":2,"name":"Gutschein-Shop","item":"https:\/\/www.fotografie-moerke.de\/site\/shop\/"},{"@type":"ListItem","position":3,"name":"Gutschein 20 EUR"}]},{"@type":"WebSite","@id":"https:\/\/www.fotografie-moerke.de\/site\/#website","url":"https:\/\/www.fotografie-moerke.de\/site\/","name":"Fotografie M\u00f6rke","description":"Immer besonders.","publisher":{"@id":"https:\/\/www.fotografie-moerke.de\/site\/#organization"},"potentialAction":[{"@type":"SearchAction","target":{"@type":"EntryPoint","urlTemplate":"https:\/\/www.fotografie-moerke.de\/site\/?s={search_term_string}"},"query-input":{"@type":"PropertyValueSpecification","valueRequired":true,"valueName":"search_term_string"}}],"inLanguage":"de"},{"@type":"Organization","@id":"https:\/\/www.fotografie-moerke.de\/site\/#organization","name":"Fotografie M\u00f6rke","url":"https:\/\/www.fotografie-moerke.de\/site\/","logo":{"@type":"ImageObject","inLanguage":"de","@id":"https:\/\/www.fotografie-moerke.de\/site\/#\/schema\/logo\/image\/","url":"https:\/\/www.fotografie-moerke.de\/site\/wp-content\/uploads\/2017\/02\/Logo.jpg","contentUrl":"https:\/\/www.fotografie-moerke.de\/site\/wp-content\/uploads\/2017\/02\/Logo.jpg","width":3508,"height":1156,"caption":"Fotografie M\u00f6rke"},"image":{"@id":"https:\/\/www.fotografie-moerke.de\/site\/#\/schema\/logo\/image\/"},"sameAs":["https:\/\/www.facebook.com\/fotografiemoerke"]}]}},"_links":{"self":[{"href":"https:\/\/www.fotografie-moerke.de\/site\/wp-json\/wp\/v2\/product\/1550"}],"collection":[{"href":"https:\/\/www.fotografie-moerke.de\/site\/wp-json\/wp\/v2\/product"}],"about":[{"href":"https:\/\/www.fotografie-moerke.de\/site\/wp-json\/wp\/v2\/types\/product"}],"wp:featuredmedia":[{"embeddable":true,"href":"https:\/\/www.fotografie-moerke.de\/site\/wp-json\/wp\/v2\/media\/1538"}],"wp:attachment":[{"href":"https:\/\/www.fotografie-moerke.de\/site\/wp-json\/wp\/v2\/media?parent=1550"}],"wp:term":[{"taxonomy":"product_brand","embeddable":true,"href":"https:\/\/www.fotografie-moerke.de\/site\/wp-json\/wp\/v2\/product_brand?post=1550"},{"taxonomy":"product_cat","embeddable":true,"href":"https:\/\/www.fotografie-moerke.de\/site\/wp-json\/wp\/v2\/product_cat?post=1550"},{"taxonomy":"product_tag","embeddable":true,"href":"https:\/\/www.fotografie-moerke.de\/site\/wp-json\/wp\/v2\/product_tag?post=1550"}],"curies":[{"name":"wp","href":"https:\/\/api.w.org\/{rel}","templated":true}]}}